{"id":263313,"date":"2025-11-08T00:20:42","date_gmt":"2025-11-07T23:20:42","guid":{"rendered":"https:\/\/obernai2025.ophta-services.com\/online-termin-vereinbaren\/"},"modified":"2025-11-10T11:06:47","modified_gmt":"2025-11-10T10:06:47","slug":"online-termin-vereinbaren","status":"publish","type":"page","link":"https:\/\/obernai2025.ophta-services.com\/de\/online-termin-vereinbaren\/","title":{"rendered":"Online-Termin vereinbaren"},"content":{"rendered":"\n[et_pb_section fb_built=&#8220;1&#8243; custom_padding_last_edited=&#8220;on|phone&#8220; _builder_version=&#8220;4.27.4&#8243; _module_preset=&#8220;default&#8220; custom_margin_tablet=&#8220;||0px||false|false&#8220; custom_margin_phone=&#8220;||0px||false|false&#8220; custom_margin_last_edited=&#8220;on|tablet&#8220; custom_padding=&#8220;30px|30px|0px|30px|false|false&#8220; custom_padding_tablet=&#8220;|30px|0px|30px|false|false&#8220; custom_padding_phone=&#8220;30px|30px|0px|30px|false|false&#8220; global_colors_info=&#8220;{}&#8220; theme_builder_area=&#8220;post_content&#8220;][et_pb_row _builder_version=&#8220;4.27.4&#8243; _module_preset=&#8220;default&#8220; width=&#8220;100%&#8220; max_width=&#8220;1200px&#8220; global_colors_info=&#8220;{}&#8220; theme_builder_area=&#8220;post_content&#8220;][et_pb_column type=&#8220;4_4&#8243; _builder_version=&#8220;4.24.2&#8243; _module_preset=&#8220;default&#8220; global_colors_info=&#8220;{}&#8220; theme_builder_area=&#8220;post_content&#8220;][et_pb_text content_tablet=&#8220;<h1><span>Hochwertiges Sehen, spezialisierte Versorgung, Expertenteam<\/span><\/h1>\n<p> <\/p>\n<h2>Sprechstunden<\/h2>\n<p> <\/p>\n<p>Augen\u00e4rztliche Konsultationen sind unerl\u00e4sslich, um Sehfehler zu diagnostizieren und eine gute Augengesundheit zu erhalten. Jeder Sehfehler erh\u00e4lt eine angepasste Behandlung. <\/p>&#8220; content_phone=&#8220;<h1><span>Hochwertiges Sehen, spezialisierte Versorgung, Expertenteam<\/span><\/h1>\n<p> <\/p>\n<h2>Sprechstunden<\/h2>\n<p> <\/p>\n<p>Augen\u00e4rztliche Konsultationen sind unerl\u00e4sslich, um Sehfehler zu diagnostizieren und eine gute Augengesundheit zu erhalten. Jeder Sehfehler erh\u00e4lt eine angepasste Behandlung. <\/p>&#8220; content_last_edited=&#8220;off|desktop&#8220; module_id=&#8220;customBlocTopPage&#8220; _builder_version=&#8220;4.27.4&#8243; _module_preset=&#8220;default&#8220; text_font=&#8220;Montserrat||||||||&#8220; text_text_color=&#8220;#000000&#8243; text_font_size=&#8220;16px&#8220; text_line_height=&#8220;2em&#8220; header_font=&#8220;Montserrat||||||||&#8220; header_text_align=&#8220;center&#8220; header_text_color=&#8220;#000000&#8243; header_font_size=&#8220;40px&#8220; header_line_height=&#8220;1.3em&#8220; header_2_font=&#8220;Montserrat||||||||&#8220; header_2_text_align=&#8220;center&#8220; header_2_text_color=&#8220;#000000&#8243; header_2_font_size=&#8220;45px&#8220; header_2_line_height=&#8220;1.3em&#8220; text_orientation=&#8220;center&#8220; hover_enabled=&#8220;0&#8243; text_font_size_tablet=&#8220;15px&#8220; text_font_size_phone=&#8220;15px&#8220; text_font_size_last_edited=&#8220;on|tablet&#8220; header_font_size_tablet=&#8220;34px&#8220; header_font_size_phone=&#8220;34px&#8220; header_font_size_last_edited=&#8220;on|tablet&#8220; header_2_font_size_tablet=&#8220;34px&#8220; header_2_font_size_phone=&#8220;34px&#8220; header_2_font_size_last_edited=&#8220;on|tablet&#8220; custom_css_free_form=&#8220;#customBlocTopPage p {||  padding-bottom: 0px||}&#8220; global_colors_info=&#8220;{}&#8220; theme_builder_area=&#8220;post_content&#8220; sticky_enabled=&#8220;0&#8243;]<p><span style=\"color: #007381; font-size: 20px;\">Terminvereinbarung mit einem Augenarzt im Centre d\u2019Ophtalmologie Ste Odile<br><\/span><\/p>\n<p>&nbsp;<\/p>\n<h1>Sie k\u00f6nnen direkt \u00fcber das obenstehende Doctolib-Modul einen Termin bei Ihrem Augenarzt vereinbaren.<\/h1>\n<p>&nbsp;<\/p>\n<p>Ihre Daten und Termine werden von Doctolib verwaltet.<\/p>[\/et_pb_text][\/et_pb_column][\/et_pb_row][\/et_pb_section][et_pb_section fb_built=&#8220;1&#8243; custom_padding_last_edited=&#8220;on|phone&#8220; _builder_version=&#8220;4.27.4&#8243; _module_preset=&#8220;default&#8220; custom_margin_tablet=&#8220;||0px||false|false&#8220; custom_margin_phone=&#8220;||0px||false|false&#8220; custom_margin_last_edited=&#8220;on|tablet&#8220; custom_padding=&#8220;30px|30px|0px|30px|false|false&#8220; custom_padding_tablet=&#8220;|30px|0px|30px|false|false&#8220; custom_padding_phone=&#8220;30px|30px|0px|30px|false|false&#8220; global_colors_info=&#8220;{}&#8220; theme_builder_area=&#8220;post_content&#8220;][et_pb_row _builder_version=&#8220;4.27.4&#8243; _module_preset=&#8220;default&#8220; width=&#8220;100%&#8220; max_width=&#8220;1200px&#8220; hover_enabled=&#8220;0&#8243; global_colors_info=&#8220;{}&#8220; theme_builder_area=&#8220;post_content&#8220; sticky_enabled=&#8220;0&#8243;][et_pb_column type=&#8220;4_4&#8243; _builder_version=&#8220;4.24.2&#8243; _module_preset=&#8220;default&#8220; global_colors_info=&#8220;{}&#8220; theme_builder_area=&#8220;post_content&#8220;][et_pb_code _builder_version=&#8220;4.27.4&#8243; _module_preset=&#8220;default&#8220; theme_builder_area=&#8220;post_content&#8220; hover_enabled=&#8220;0&#8243; sticky_enabled=&#8220;0&#8243;]<iframe class=\"standard\" id=\"doctolib\" data-url=\"https:\/\/partners.doctolib.fr\/ophtalmologue\/obernai\/centre-ophtalmologique-d-obernai?locale=fr\" src=\"https:\/\/partners.doctolib.fr\/ophtalmologue\/obernai\/centre-ophtalmologique-d-obernai?locale=fr\" scrolling=\"yes\" kwframeid=\"1\" style=\"overflow: hidden; height: 941px;width: 100%\"><\/iframe>[\/et_pb_code][\/et_pb_column][\/et_pb_row][\/et_pb_section][et_pb_section fb_built=&#8220;1&#8243; _builder_version=&#8220;4.27.4&#8243; _module_preset=&#8220;default&#8220; custom_margin=&#8220;0px||0px||false|false&#8220; custom_margin_tablet=&#8220;0px||0px||false|false&#8220; custom_margin_phone=&#8220;0px||0px||false|false&#8220; custom_margin_last_edited=&#8220;on|tablet&#8220; custom_padding=&#8220;0px|30px|0px|30px|false|false&#8220; global_module=&#8220;262967&#8243; saved_tabs=&#8220;all&#8220; global_colors_info=&#8220;{}&#8220; theme_builder_area=&#8220;post_content&#8220;][et_pb_row use_custom_gutter=&#8220;on&#8220; gutter_width=&#8220;2&#8243; _builder_version=&#8220;4.27.4&#8243; _module_preset=&#8220;default&#8220; background_color=&#8220;rgba(217,217,217,0.3)&#8220; width=&#8220;100%&#8220; max_width=&#8220;980px&#8220; custom_margin=&#8220;30px||80px||false|false&#8220; custom_margin_tablet=&#8220;0px||||false|false&#8220; custom_margin_phone=&#8220;0px||||false|false&#8220; custom_margin_last_edited=&#8220;on|tablet&#8220; custom_padding=&#8220;50px||90px||false|false&#8220; custom_css_free_form=&#8220;#customRdvChi h3 {||  margin-bottom: 30px;||}&#8220; border_radii=&#8220;on|19px|19px|19px|19px&#8220; global_colors_info=&#8220;{}&#8220; background__hover_enabled=&#8220;on|hover&#8220; theme_builder_area=&#8220;post_content&#8220;][et_pb_column type=&#8220;4_4&#8243; _builder_version=&#8220;4.27.4&#8243; _module_preset=&#8220;default&#8220; positioning=&#8220;none&#8220; z_index=&#8220;0&#8243; border_color_right=&#8220;#be6237&#8243; border_color_left=&#8220;#be6237&#8243; global_colors_info=&#8220;{}&#8220; theme_builder_area=&#8220;post_content&#8220;][et_pb_text content_last_edited=&#8220;off|desktop&#8220; module_id=&#8220;customRdvChi&#8220; _builder_version=&#8220;4.27.4&#8243; _dynamic_attributes=&#8220;link_option_url&#8220; _module_preset=&#8220;default&#8220; text_font=&#8220;Montserrat||||||||&#8220; text_text_color=&#8220;#000000&#8243; text_font_size=&#8220;16px&#8220; header_3_font=&#8220;Montserrat||||||||&#8220; header_3_text_align=&#8220;center&#8220; header_3_text_color=&#8220;#000000&#8243; header_3_font_size=&#8220;35px&#8220; header_3_line_height=&#8220;1.3em&#8220; header_4_font=&#8220;Montserrat|600|||||||&#8220; header_4_text_color=&#8220;#000000&#8243; header_4_font_size=&#8220;20px&#8220; header_4_line_height=&#8220;1.3em&#8220; text_orientation=&#8220;center&#8220; custom_margin=&#8220;||30px||false|false&#8220; custom_padding=&#8220;30px|30px|30px|30px|true|true&#8220; link_option_url=&#8220;@ET-DC@eyJkeW5hbWljIjp0cnVlLCJjb250ZW50IjoicG9zdF9saW5rX3VybF9wYWdlIiwic2V0dGluZ3MiOnsicG9zdF9pZCI6IjMwMTAifX0=@&#8220; text_font_size_tablet=&#8220;15px&#8220; text_font_size_phone=&#8220;15px&#8220; text_font_size_last_edited=&#8220;on|tablet&#8220; header_3_font_size_tablet=&#8220;24px&#8220; header_3_font_size_phone=&#8220;24px&#8220; header_3_font_size_last_edited=&#8220;on|tablet&#8220; global_colors_info=&#8220;{}&#8220; box_shadow_color__hover_enabled=&#8220;on|hover&#8220; background__hover_enabled=&#8220;off|desktop&#8220; box_shadow_color__hover=&#8220;rgba(0,0,0,0.3)&#8220; theme_builder_area=&#8220;post_content&#8220;]<h3>Vereinbaren Sie ganz einfach einen Termin bei Ihrem Augenarzt in Obernai.<\/h3>\n<p>Die Terminvereinbarung kann online erfolgen, direkt \u00fcber unsere Website oder via Doctolib. Sie haben auch die M\u00f6glichkeit, uns telefonisch unter <a style=\"color: #000000;\" href=\"tel:0388499010\">03 88 49 90 10<\/a> zu erreichen.<\/p>[\/et_pb_text][et_pb_button button_url=&#8220;@ET-DC@eyJkeW5hbWljIjp0cnVlLCJjb250ZW50IjoicG9zdF9saW5rX3VybF9wYWdlIiwic2V0dGluZ3MiOnsicG9zdF9pZCI6IjI2MzA5MyJ9fQ==@&#8220; button_text=&#8220;Online-Termin vereinbaren&#8220; button_alignment=&#8220;center&#8220; disabled_on=&#8220;off|off|off&#8220; _builder_version=&#8220;4.27.4&#8243; _dynamic_attributes=&#8220;button_url&#8220; _module_preset=&#8220;default&#8220; custom_button=&#8220;on&#8220; button_text_size=&#8220;15px&#8220; button_text_color=&#8220;#FFFFFF&#8220; button_bg_color=&#8220;#007381&#8243; button_border_color=&#8220;#007381&#8243; button_border_radius=&#8220;31px&#8220; button_font=&#8220;Montserrat|500|||||||&#8220; custom_margin=&#8220;0px||||false|false&#8220; custom_padding=&#8220;10px||10px||false|false&#8220; custom_css_main_element=&#8220;width: 270px;||text-align: center;&#8220; box_shadow_style=&#8220;preset3&#8243; global_colors_info=&#8220;{}&#8220; button_bg_color__hover_enabled=&#8220;on|hover&#8220; button_bg_color__hover=&#8220;#007381&#8243; button_bg_enable_color__hover=&#8220;on&#8220; button_border_color__hover_enabled=&#8220;on|hover&#8220; button_border_color__hover=&#8220;#007381&#8243; theme_builder_area=&#8220;post_content&#8220;][\/et_pb_button][\/et_pb_column][\/et_pb_row][\/et_pb_section]\n","protected":false},"excerpt":{"rendered":"<p>Terminvereinbarung mit einem Augenarzt im Centre d\u2019Ophtalmologie Ste Odile &nbsp; Sie k\u00f6nnen direkt \u00fcber das obenstehende Doctolib-Modul einen Termin bei Ihrem Augenarzt vereinbaren. &nbsp; Ihre Daten und Termine werden von Doctolib verwaltet.Vereinbaren Sie ganz einfach einen Termin bei Ihrem Augenarzt in Obernai. Die Terminvereinbarung kann online erfolgen, direkt \u00fcber unsere Website oder via Doctolib. Sie haben auch die M\u00f6glichkeit, uns telefonisch unter 03 88 49 90 10 zu erreichen.<\/p>\n","protected":false},"author":1,"featured_media":263314,"parent":0,"menu_order":0,"comment_status":"closed","ping_status":"closed","template":"","meta":{"_et_pb_use_builder":"on","_et_pb_old_content":"","_et_gb_content_width":"","inline_featured_image":false,"footnotes":""},"class_list":["post-263313","page","type-page","status-publish","has-post-thumbnail","hentry"],"yoast_head":"<!-- This site is optimized with the Yoast SEO plugin v26.3 - https:\/\/yoast.com\/wordpress\/plugins\/seo\/ -->\n<title>Online-Termin vereinbaren - Centre Ophtalmologique \u00e0 Obernai - Prendre rendez-vous en ligne<\/title>\n<meta name=\"robots\" content=\"noindex, follow, max-snippet:-1, max-image-preview:large, max-video-preview:-1\" \/>\n<meta property=\"og:locale\" content=\"de_DE\" \/>\n<meta property=\"og:type\" content=\"article\" \/>\n<meta property=\"og:title\" content=\"Online-Termin vereinbaren - Centre Ophtalmologique \u00e0 Obernai - Prendre rendez-vous en ligne\" \/>\n<meta property=\"og:description\" content=\"Terminvereinbarung mit einem Augenarzt im Centre d\u2019Ophtalmologie Ste Odile &nbsp; Sie k\u00f6nnen direkt \u00fcber das obenstehende Doctolib-Modul einen Termin bei Ihrem Augenarzt vereinbaren. &nbsp; Ihre Daten und Termine werden von Doctolib verwaltet.Vereinbaren Sie ganz einfach einen Termin bei Ihrem Augenarzt in Obernai. Die Terminvereinbarung kann online erfolgen, direkt \u00fcber unsere Website oder via Doctolib. Sie haben auch die M\u00f6glichkeit, uns telefonisch unter 03 88 49 90 10 zu erreichen.\" \/>\n<meta property=\"og:url\" content=\"https:\/\/obernai2025.ophta-services.com\/de\/online-termin-vereinbaren\/\" \/>\n<meta property=\"og:site_name\" content=\"Centre Ophtalmologique \u00e0 Obernai - Prendre rendez-vous en ligne\" \/>\n<meta property=\"article:modified_time\" content=\"2025-11-10T10:06:47+00:00\" \/>\n<meta name=\"twitter:card\" content=\"summary_large_image\" \/>\n<meta name=\"twitter:label1\" content=\"Gesch\u00e4tzte Lesezeit\" \/>\n\t<meta name=\"twitter:data1\" content=\"5\u00a0Minuten\" \/>\n<script type=\"application\/ld+json\" class=\"yoast-schema-graph\">{\"@context\":\"https:\/\/schema.org\",\"@graph\":[{\"@type\":\"WebPage\",\"@id\":\"https:\/\/obernai2025.ophta-services.com\/de\/online-termin-vereinbaren\/\",\"url\":\"https:\/\/obernai2025.ophta-services.com\/de\/online-termin-vereinbaren\/\",\"name\":\"Online-Termin vereinbaren - Centre Ophtalmologique \u00e0 Obernai - Prendre rendez-vous en ligne\",\"isPartOf\":{\"@id\":\"https:\/\/obernai2025.ophta-services.com\/de\/#website\"},\"primaryImageOfPage\":{\"@id\":\"https:\/\/obernai2025.ophta-services.com\/de\/online-termin-vereinbaren\/#primaryimage\"},\"image\":{\"@id\":\"https:\/\/obernai2025.ophta-services.com\/de\/online-termin-vereinbaren\/#primaryimage\"},\"thumbnailUrl\":\"https:\/\/obernai2025.ophta-services.com\/wp-content\/uploads\/2025\/11\/logo-centre-ophtalmologie-sainte-odile.svg\",\"datePublished\":\"2025-11-07T23:20:42+00:00\",\"dateModified\":\"2025-11-10T10:06:47+00:00\",\"breadcrumb\":{\"@id\":\"https:\/\/obernai2025.ophta-services.com\/de\/online-termin-vereinbaren\/#breadcrumb\"},\"inLanguage\":\"de\",\"potentialAction\":[{\"@type\":\"ReadAction\",\"target\":[\"https:\/\/obernai2025.ophta-services.com\/de\/online-termin-vereinbaren\/\"]}]},{\"@type\":\"ImageObject\",\"inLanguage\":\"de\",\"@id\":\"https:\/\/obernai2025.ophta-services.com\/de\/online-termin-vereinbaren\/#primaryimage\",\"url\":\"https:\/\/obernai2025.ophta-services.com\/wp-content\/uploads\/2025\/11\/logo-centre-ophtalmologie-sainte-odile.svg\",\"contentUrl\":\"https:\/\/obernai2025.ophta-services.com\/wp-content\/uploads\/2025\/11\/logo-centre-ophtalmologie-sainte-odile.svg\",\"width\":135,\"height\":98,\"caption\":\"logo-centre-ophtalmologie-sainte-odile\"},{\"@type\":\"BreadcrumbList\",\"@id\":\"https:\/\/obernai2025.ophta-services.com\/de\/online-termin-vereinbaren\/#breadcrumb\",\"itemListElement\":[{\"@type\":\"ListItem\",\"position\":1,\"name\":\"Accueil\",\"item\":\"https:\/\/obernai2025.ophta-services.com\/de\/\"},{\"@type\":\"ListItem\",\"position\":2,\"name\":\"Online-Termin vereinbaren\"}]},{\"@type\":\"WebSite\",\"@id\":\"https:\/\/obernai2025.ophta-services.com\/de\/#website\",\"url\":\"https:\/\/obernai2025.ophta-services.com\/de\/\",\"name\":\"Centre Ophtalmologique \u00e0 Obernai - Prendre rendez-vous en ligne\",\"description\":\"\",\"publisher\":{\"@id\":\"https:\/\/obernai2025.ophta-services.com\/de\/#organization\"},\"potentialAction\":[{\"@type\":\"SearchAction\",\"target\":{\"@type\":\"EntryPoint\",\"urlTemplate\":\"https:\/\/obernai2025.ophta-services.com\/de\/?s={search_term_string}\"},\"query-input\":{\"@type\":\"PropertyValueSpecification\",\"valueRequired\":true,\"valueName\":\"search_term_string\"}}],\"inLanguage\":\"de\"},{\"@type\":\"Organization\",\"@id\":\"https:\/\/obernai2025.ophta-services.com\/de\/#organization\",\"name\":\"Centre Ophtalmologique \u00e0 Obernai - Prendre rendez-vous en ligne\",\"url\":\"https:\/\/obernai2025.ophta-services.com\/de\/\",\"logo\":{\"@type\":\"ImageObject\",\"inLanguage\":\"de\",\"@id\":\"https:\/\/obernai2025.ophta-services.com\/de\/#\/schema\/logo\/image\/\",\"url\":\"https:\/\/obernai2025.ophta-services.com\/wp-content\/uploads\/2025\/11\/logo-centre-ophtalmologie-sainte-odile.svg\",\"contentUrl\":\"https:\/\/obernai2025.ophta-services.com\/wp-content\/uploads\/2025\/11\/logo-centre-ophtalmologie-sainte-odile.svg\",\"width\":135,\"height\":98,\"caption\":\"Centre Ophtalmologique \u00e0 Obernai - Prendre rendez-vous en ligne\"},\"image\":{\"@id\":\"https:\/\/obernai2025.ophta-services.com\/de\/#\/schema\/logo\/image\/\"}}]}<\/script>\n<!-- \/ Yoast SEO plugin. -->","yoast_head_json":{"title":"Online-Termin vereinbaren - Centre Ophtalmologique \u00e0 Obernai - Prendre rendez-vous en ligne","robots":{"index":"noindex","follow":"follow","max-snippet":"max-snippet:-1","max-image-preview":"max-image-preview:large","max-video-preview":"max-video-preview:-1"},"og_locale":"de_DE","og_type":"article","og_title":"Online-Termin vereinbaren - Centre Ophtalmologique \u00e0 Obernai - Prendre rendez-vous en ligne","og_description":"Terminvereinbarung mit einem Augenarzt im Centre d\u2019Ophtalmologie Ste Odile &nbsp; Sie k\u00f6nnen direkt \u00fcber das obenstehende Doctolib-Modul einen Termin bei Ihrem Augenarzt vereinbaren. &nbsp; Ihre Daten und Termine werden von Doctolib verwaltet.Vereinbaren Sie ganz einfach einen Termin bei Ihrem Augenarzt in Obernai. Die Terminvereinbarung kann online erfolgen, direkt \u00fcber unsere Website oder via Doctolib. Sie haben auch die M\u00f6glichkeit, uns telefonisch unter 03 88 49 90 10 zu erreichen.","og_url":"https:\/\/obernai2025.ophta-services.com\/de\/online-termin-vereinbaren\/","og_site_name":"Centre Ophtalmologique \u00e0 Obernai - Prendre rendez-vous en ligne","article_modified_time":"2025-11-10T10:06:47+00:00","twitter_card":"summary_large_image","twitter_misc":{"Gesch\u00e4tzte Lesezeit":"5\u00a0Minuten"},"schema":{"@context":"https:\/\/schema.org","@graph":[{"@type":"WebPage","@id":"https:\/\/obernai2025.ophta-services.com\/de\/online-termin-vereinbaren\/","url":"https:\/\/obernai2025.ophta-services.com\/de\/online-termin-vereinbaren\/","name":"Online-Termin vereinbaren - Centre Ophtalmologique \u00e0 Obernai - Prendre rendez-vous en ligne","isPartOf":{"@id":"https:\/\/obernai2025.ophta-services.com\/de\/#website"},"primaryImageOfPage":{"@id":"https:\/\/obernai2025.ophta-services.com\/de\/online-termin-vereinbaren\/#primaryimage"},"image":{"@id":"https:\/\/obernai2025.ophta-services.com\/de\/online-termin-vereinbaren\/#primaryimage"},"thumbnailUrl":"https:\/\/obernai2025.ophta-services.com\/wp-content\/uploads\/2025\/11\/logo-centre-ophtalmologie-sainte-odile.svg","datePublished":"2025-11-07T23:20:42+00:00","dateModified":"2025-11-10T10:06:47+00:00","breadcrumb":{"@id":"https:\/\/obernai2025.ophta-services.com\/de\/online-termin-vereinbaren\/#breadcrumb"},"inLanguage":"de","potentialAction":[{"@type":"ReadAction","target":["https:\/\/obernai2025.ophta-services.com\/de\/online-termin-vereinbaren\/"]}]},{"@type":"ImageObject","inLanguage":"de","@id":"https:\/\/obernai2025.ophta-services.com\/de\/online-termin-vereinbaren\/#primaryimage","url":"https:\/\/obernai2025.ophta-services.com\/wp-content\/uploads\/2025\/11\/logo-centre-ophtalmologie-sainte-odile.svg","contentUrl":"https:\/\/obernai2025.ophta-services.com\/wp-content\/uploads\/2025\/11\/logo-centre-ophtalmologie-sainte-odile.svg","width":135,"height":98,"caption":"logo-centre-ophtalmologie-sainte-odile"},{"@type":"BreadcrumbList","@id":"https:\/\/obernai2025.ophta-services.com\/de\/online-termin-vereinbaren\/#breadcrumb","itemListElement":[{"@type":"ListItem","position":1,"name":"Accueil","item":"https:\/\/obernai2025.ophta-services.com\/de\/"},{"@type":"ListItem","position":2,"name":"Online-Termin vereinbaren"}]},{"@type":"WebSite","@id":"https:\/\/obernai2025.ophta-services.com\/de\/#website","url":"https:\/\/obernai2025.ophta-services.com\/de\/","name":"Centre Ophtalmologique \u00e0 Obernai - Prendre rendez-vous en ligne","description":"","publisher":{"@id":"https:\/\/obernai2025.ophta-services.com\/de\/#organization"},"potentialAction":[{"@type":"SearchAction","target":{"@type":"EntryPoint","urlTemplate":"https:\/\/obernai2025.ophta-services.com\/de\/?s={search_term_string}"},"query-input":{"@type":"PropertyValueSpecification","valueRequired":true,"valueName":"search_term_string"}}],"inLanguage":"de"},{"@type":"Organization","@id":"https:\/\/obernai2025.ophta-services.com\/de\/#organization","name":"Centre Ophtalmologique \u00e0 Obernai - Prendre rendez-vous en ligne","url":"https:\/\/obernai2025.ophta-services.com\/de\/","logo":{"@type":"ImageObject","inLanguage":"de","@id":"https:\/\/obernai2025.ophta-services.com\/de\/#\/schema\/logo\/image\/","url":"https:\/\/obernai2025.ophta-services.com\/wp-content\/uploads\/2025\/11\/logo-centre-ophtalmologie-sainte-odile.svg","contentUrl":"https:\/\/obernai2025.ophta-services.com\/wp-content\/uploads\/2025\/11\/logo-centre-ophtalmologie-sainte-odile.svg","width":135,"height":98,"caption":"Centre Ophtalmologique \u00e0 Obernai - Prendre rendez-vous en ligne"},"image":{"@id":"https:\/\/obernai2025.ophta-services.com\/de\/#\/schema\/logo\/image\/"}}]}},"_links":{"self":[{"href":"https:\/\/obernai2025.ophta-services.com\/de\/wp-json\/wp\/v2\/pages\/263313","targetHints":{"allow":["GET"]}}],"collection":[{"href":"https:\/\/obernai2025.ophta-services.com\/de\/wp-json\/wp\/v2\/pages"}],"about":[{"href":"https:\/\/obernai2025.ophta-services.com\/de\/wp-json\/wp\/v2\/types\/page"}],"author":[{"embeddable":true,"href":"https:\/\/obernai2025.ophta-services.com\/de\/wp-json\/wp\/v2\/users\/1"}],"replies":[{"embeddable":true,"href":"https:\/\/obernai2025.ophta-services.com\/de\/wp-json\/wp\/v2\/comments?post=263313"}],"version-history":[{"count":2,"href":"https:\/\/obernai2025.ophta-services.com\/de\/wp-json\/wp\/v2\/pages\/263313\/revisions"}],"predecessor-version":[{"id":263386,"href":"https:\/\/obernai2025.ophta-services.com\/de\/wp-json\/wp\/v2\/pages\/263313\/revisions\/263386"}],"wp:featuredmedia":[{"embeddable":true,"href":"https:\/\/obernai2025.ophta-services.com\/de\/wp-json\/wp\/v2\/media\/263314"}],"wp:attachment":[{"href":"https:\/\/obernai2025.ophta-services.com\/de\/wp-json\/wp\/v2\/media?parent=263313"}],"curies":[{"name":"wp","href":"https:\/\/api.w.org\/{rel}","templated":true}]}}